{"id":17960,"date":"2024-09-23T17:52:02","date_gmt":"2024-09-23T17:52:02","guid":{"rendered":"https:\/\/grafologos.gr\/cv\/"},"modified":"2025-03-04T15:10:14","modified_gmt":"2025-03-04T15:10:14","slug":"cv","status":"publish","type":"page","link":"https:\/\/grafologos.gr\/en\/cv\/","title":{"rendered":"CV"},"content":{"rendered":"\t\t<div data-elementor-type=\"wp-page\" data-elementor-id=\"17960\" class=\"elementor elementor-17960 elementor-17657\" data-elementor-post-type=\"page\">\n\t\t\t\t<div class=\"elementor-element elementor-element-3020e59 e-con-full e-flex e-con e-child\" data-id=\"3020e59\" data-element_type=\"container\" data-settings=\"{&quot;background_background&quot;:&quot;video&quot;,&quot;background_video_link&quot;:&quot;https:\\\/\\\/vimeo.com\\\/1010555659&quot;,&quot;background_play_on_mobile&quot;:&quot;yes&quot;}\">\n\t\t<div class=\"elementor-background-video-container\" aria-hidden=\"true\">\n\t\t\t\t\t\t\t<div class=\"elementor-background-video-embed\"><\/div>\n\t\t\t\t\t\t<\/div><div class=\"elementor-element elementor-element-d8cb5b8 e-con-full e-flex e-con e-child\" data-id=\"d8cb5b8\" data-element_type=\"container\" data-settings=\"{&quot;background_background&quot;:&quot;classic&quot;}\">\n\t\t\t\t<div class=\"elementor-element elementor-element-80d13e4 elementor-invisible elementor-widget elementor-widget-heading\" data-id=\"80d13e4\" data-element_type=\"widget\" data-settings=\"{&quot;_animation&quot;:&quot;fadeInUp&quot;}\" data-widget_type=\"heading.default\">\n\t\t\t\t<div class=\"elementor-widget-container\">\n\t\t\t\t\t<h2 class=\"elementor-heading-title elementor-size-default\">ATTORNEY AT LAW - FORENSIC \u2013 SPECIALIST JUDICIARY GRAPHOLOGIST<\/h2>\t\t\t\t<\/div>\n\t\t\t\t<\/div>\n\t\t\t\t<div class=\"elementor-element elementor-element-7ad2884 elementor-invisible elementor-widget elementor-widget-heading\" data-id=\"7ad2884\" data-element_type=\"widget\" data-settings=\"{&quot;_animation&quot;:&quot;fadeInDown&quot;}\" data-widget_type=\"heading.default\">\n\t\t\t\t<div class=\"elementor-widget-container\">\n\t\t\t\t\t<h2 class=\"elementor-heading-title elementor-size-default\">GEORGIOS J. MICHA\u0399LID\u0399S <\/h2>\t\t\t\t<\/div>\n\t\t\t\t<\/div>\n\t\t\t\t<\/div>\n\t\t<div class=\"elementor-element elementor-element-dd46c1a e-flex e-con-boxed e-con e-child\" data-id=\"dd46c1a\" data-element_type=\"container\" id=\"bio\" data-settings=\"{&quot;background_background&quot;:&quot;classic&quot;}\">\n\t\t\t\t\t<div class=\"e-con-inner\">\n\t\t<div class=\"elementor-element elementor-element-6742cce e-con-full e-flex e-con e-child\" data-id=\"6742cce\" data-element_type=\"container\" data-settings=\"{&quot;background_background&quot;:&quot;classic&quot;}\">\n\t\t\t\t<div class=\"elementor-element elementor-element-5a5342a elementor-widget elementor-widget-heading\" data-id=\"5a5342a\" data-element_type=\"widget\" data-widget_type=\"heading.default\">\n\t\t\t\t<div class=\"elementor-widget-container\">\n\t\t\t\t\t<h2 class=\"elementor-heading-title elementor-size-default\">CURRICULUM VITAE<\/h2>\t\t\t\t<\/div>\n\t\t\t\t<\/div>\n\t\t\t\t<div class=\"elementor-element elementor-element-97ce9fe elementor-widget elementor-widget-text-editor\" data-id=\"97ce9fe\" data-element_type=\"widget\" data-widget_type=\"text-editor.default\">\n\t\t\t\t<div class=\"elementor-widget-container\">\n\t\t\t\t\t\t\t\t\t<ul> \t<\/p>\n<li>Graduate of the Law Department of the University of PARIS VIII (1998)<\/li>\n<p> \t<\/p>\n<li>Supreme Court lawyer<\/li>\n<p> \t<\/p>\n<li>Diploma in Graphology after three years of studies at the Hellenic Institute of Graphology (2004-2007)<\/li>\n<p> \t<\/p>\n<li>Member of the Soci\u00e9t\u00e9 Fran\u00e7aise de Graphologie (2006)<\/li>\n<p> \t<\/p>\n<li>Expertise and training in Forensic Graphology under the Graphologist and President of the British Academy of Graphology Rena Nezou (2007)<\/li>\n<p> \t<\/p>\n<li>Recognised as an equal member of the British Academy of Graphology (2007)<\/li>\n<p> \t<\/p>\n<li>Registered at\u00a0 the experts lists of\u00a0 First Instance Courts of Athens and\u00a0 Piraeus<\/li>\n<p><\/ul>\n\t\t\t\t\t\t\t\t<\/div>\n\t\t\t\t<\/div>\n\t\t\t\t<\/div>\n\t\t\t\t\t<\/div>\n\t\t\t\t<\/div>\n\t\t\t\t<\/div>\n\t\t\t\t<\/div>\n\t\t","protected":false},"excerpt":{"rendered":"<p>ATTORNEY AT LAW &#8211; FORENSIC \u2013 SPECIALIST JUDICIARY GRAPHOLOGIST GEORGIOS J. MICHA\u0399LID\u0399S CURRICULUM VITAE Graduate of the Law Department of the University of PARIS VIII (1998) Supreme Court lawyer Diploma in Graphology after three years of studies at the Hellenic Institute of Graphology (2004-2007) Member of the Soci\u00e9t\u00e9 Fran\u00e7aise de Graphologie (2006) Expertise and training&hellip;<\/p>\n","protected":false},"author":1,"featured_media":0,"parent":0,"menu_order":1,"comment_status":"closed","ping_status":"closed","template":"elementor_header_footer","meta":{"footnotes":""},"class_list":["post-17960","page","type-page","status-publish","hentry"],"yoast_head":"<!-- This site is optimized with the Yoast SEO plugin v25.8 - https:\/\/yoast.com\/wordpress\/plugins\/seo\/ -->\n<title>CV - \u0395\u03a0\u0399\u03a3\u03a4\u0397\u039c\u039f\u039d\u0399\u039a\u039f \u0395\u03a1\u0393\u0391\u03a3\u03a4\u0397\u03a1\u0399\u039f \u0394\u0399\u039a\u0391\u03a3\u03a4\u0399\u039a\u0397\u03a3 \u0393\u03a1\u0391\u03a6\u039f\u039b\u039f\u0393\u0399\u0391\u03a3<\/title>\n<meta name=\"robots\" content=\"index, follow, max-snippet:-1, max-image-preview:large, max-video-preview:-1\" \/>\n<link rel=\"canonical\" href=\"https:\/\/grafologos.gr\/cv\/\" \/>\n<meta property=\"og:locale\" content=\"en_US\" \/>\n<meta property=\"og:type\" content=\"article\" \/>\n<meta property=\"og:title\" content=\"CV - \u0395\u03a0\u0399\u03a3\u03a4\u0397\u039c\u039f\u039d\u0399\u039a\u039f \u0395\u03a1\u0393\u0391\u03a3\u03a4\u0397\u03a1\u0399\u039f \u0394\u0399\u039a\u0391\u03a3\u03a4\u0399\u039a\u0397\u03a3 \u0393\u03a1\u0391\u03a6\u039f\u039b\u039f\u0393\u0399\u0391\u03a3\" \/>\n<meta property=\"og:description\" content=\"ATTORNEY AT LAW &#8211; FORENSIC \u2013 SPECIALIST JUDICIARY GRAPHOLOGIST GEORGIOS J. MICHA\u0399LID\u0399S CURRICULUM VITAE Graduate of the Law Department of the University of PARIS VIII (1998) Supreme Court lawyer Diploma in Graphology after three years of studies at the Hellenic Institute of Graphology (2004-2007) Member of the Soci\u00e9t\u00e9 Fran\u00e7aise de Graphologie (2006) Expertise and training&hellip;\" \/>\n<meta property=\"og:url\" content=\"https:\/\/grafologos.gr\/cv\/\" \/>\n<meta property=\"og:site_name\" content=\"\u0395\u03a0\u0399\u03a3\u03a4\u0397\u039c\u039f\u039d\u0399\u039a\u039f \u0395\u03a1\u0393\u0391\u03a3\u03a4\u0397\u03a1\u0399\u039f \u0394\u0399\u039a\u0391\u03a3\u03a4\u0399\u039a\u0397\u03a3 \u0393\u03a1\u0391\u03a6\u039f\u039b\u039f\u0393\u0399\u0391\u03a3\" \/>\n<meta property=\"article:modified_time\" content=\"2025-03-04T15:10:14+00:00\" \/>\n<meta name=\"twitter:card\" content=\"summary_large_image\" \/>\n<script type=\"application\/ld+json\" class=\"yoast-schema-graph\">{\"@context\":\"https:\/\/schema.org\",\"@graph\":[{\"@type\":\"WebPage\",\"@id\":\"https:\/\/grafologos.gr\/cv\/\",\"url\":\"https:\/\/grafologos.gr\/cv\/\",\"name\":\"CV - \u0395\u03a0\u0399\u03a3\u03a4\u0397\u039c\u039f\u039d\u0399\u039a\u039f \u0395\u03a1\u0393\u0391\u03a3\u03a4\u0397\u03a1\u0399\u039f \u0394\u0399\u039a\u0391\u03a3\u03a4\u0399\u039a\u0397\u03a3 \u0393\u03a1\u0391\u03a6\u039f\u039b\u039f\u0393\u0399\u0391\u03a3\",\"isPartOf\":{\"@id\":\"https:\/\/grafologos.gr\/#website\"},\"datePublished\":\"2024-09-23T17:52:02+00:00\",\"dateModified\":\"2025-03-04T15:10:14+00:00\",\"inLanguage\":\"en-US\",\"potentialAction\":[{\"@type\":\"ReadAction\",\"target\":[\"https:\/\/grafologos.gr\/cv\/\"]}]},{\"@type\":\"WebSite\",\"@id\":\"https:\/\/grafologos.gr\/#website\",\"url\":\"https:\/\/grafologos.gr\/\",\"name\":\"\u0395\u03a0\u0399\u03a3\u03a4\u0397\u039c\u039f\u039d\u0399\u039a\u039f \u0395\u03a1\u0393\u0391\u03a3\u03a4\u0397\u03a1\u0399\u039f \u0394\u0399\u039a\u0391\u03a3\u03a4\u0399\u039a\u0397\u03a3 \u0393\u03a1\u0391\u03a6\u039f\u039b\u039f\u0393\u0399\u0391\u03a3\",\"description\":\"\u0393\u0395\u03a9\u03a1\u0393\u0399\u039f\u03a5 \u0399. \u039c\u0399\u03a7\u0391\u0397\u039b\u0399\u0394\u0397\",\"potentialAction\":[{\"@type\":\"SearchAction\",\"target\":{\"@type\":\"EntryPoint\",\"urlTemplate\":\"https:\/\/grafologos.gr\/?s={search_term_string}\"},\"query-input\":{\"@type\":\"PropertyValueSpecification\",\"valueRequired\":true,\"valueName\":\"search_term_string\"}}],\"inLanguage\":\"en-US\"}]}<\/script>\n<!-- \/ Yoast SEO plugin. -->","yoast_head_json":{"title":"CV - \u0395\u03a0\u0399\u03a3\u03a4\u0397\u039c\u039f\u039d\u0399\u039a\u039f \u0395\u03a1\u0393\u0391\u03a3\u03a4\u0397\u03a1\u0399\u039f \u0394\u0399\u039a\u0391\u03a3\u03a4\u0399\u039a\u0397\u03a3 \u0393\u03a1\u0391\u03a6\u039f\u039b\u039f\u0393\u0399\u0391\u03a3","robots":{"index":"index","follow":"follow","max-snippet":"max-snippet:-1","max-image-preview":"max-image-preview:large","max-video-preview":"max-video-preview:-1"},"canonical":"https:\/\/grafologos.gr\/cv\/","og_locale":"en_US","og_type":"article","og_title":"CV - \u0395\u03a0\u0399\u03a3\u03a4\u0397\u039c\u039f\u039d\u0399\u039a\u039f \u0395\u03a1\u0393\u0391\u03a3\u03a4\u0397\u03a1\u0399\u039f \u0394\u0399\u039a\u0391\u03a3\u03a4\u0399\u039a\u0397\u03a3 \u0393\u03a1\u0391\u03a6\u039f\u039b\u039f\u0393\u0399\u0391\u03a3","og_description":"ATTORNEY AT LAW &#8211; FORENSIC \u2013 SPECIALIST JUDICIARY GRAPHOLOGIST GEORGIOS J. MICHA\u0399LID\u0399S CURRICULUM VITAE Graduate of the Law Department of the University of PARIS VIII (1998) Supreme Court lawyer Diploma in Graphology after three years of studies at the Hellenic Institute of Graphology (2004-2007) Member of the Soci\u00e9t\u00e9 Fran\u00e7aise de Graphologie (2006) Expertise and training&hellip;","og_url":"https:\/\/grafologos.gr\/cv\/","og_site_name":"\u0395\u03a0\u0399\u03a3\u03a4\u0397\u039c\u039f\u039d\u0399\u039a\u039f \u0395\u03a1\u0393\u0391\u03a3\u03a4\u0397\u03a1\u0399\u039f \u0394\u0399\u039a\u0391\u03a3\u03a4\u0399\u039a\u0397\u03a3 \u0393\u03a1\u0391\u03a6\u039f\u039b\u039f\u0393\u0399\u0391\u03a3","article_modified_time":"2025-03-04T15:10:14+00:00","twitter_card":"summary_large_image","schema":{"@context":"https:\/\/schema.org","@graph":[{"@type":"WebPage","@id":"https:\/\/grafologos.gr\/cv\/","url":"https:\/\/grafologos.gr\/cv\/","name":"CV - \u0395\u03a0\u0399\u03a3\u03a4\u0397\u039c\u039f\u039d\u0399\u039a\u039f \u0395\u03a1\u0393\u0391\u03a3\u03a4\u0397\u03a1\u0399\u039f \u0394\u0399\u039a\u0391\u03a3\u03a4\u0399\u039a\u0397\u03a3 \u0393\u03a1\u0391\u03a6\u039f\u039b\u039f\u0393\u0399\u0391\u03a3","isPartOf":{"@id":"https:\/\/grafologos.gr\/#website"},"datePublished":"2024-09-23T17:52:02+00:00","dateModified":"2025-03-04T15:10:14+00:00","inLanguage":"en-US","potentialAction":[{"@type":"ReadAction","target":["https:\/\/grafologos.gr\/cv\/"]}]},{"@type":"WebSite","@id":"https:\/\/grafologos.gr\/#website","url":"https:\/\/grafologos.gr\/","name":"\u0395\u03a0\u0399\u03a3\u03a4\u0397\u039c\u039f\u039d\u0399\u039a\u039f \u0395\u03a1\u0393\u0391\u03a3\u03a4\u0397\u03a1\u0399\u039f \u0394\u0399\u039a\u0391\u03a3\u03a4\u0399\u039a\u0397\u03a3 \u0393\u03a1\u0391\u03a6\u039f\u039b\u039f\u0393\u0399\u0391\u03a3","description":"\u0393\u0395\u03a9\u03a1\u0393\u0399\u039f\u03a5 \u0399. \u039c\u0399\u03a7\u0391\u0397\u039b\u0399\u0394\u0397","potentialAction":[{"@type":"SearchAction","target":{"@type":"EntryPoint","urlTemplate":"https:\/\/grafologos.gr\/?s={search_term_string}"},"query-input":{"@type":"PropertyValueSpecification","valueRequired":true,"valueName":"search_term_string"}}],"inLanguage":"en-US"}]}},"_links":{"self":[{"href":"https:\/\/grafologos.gr\/en\/wp-json\/wp\/v2\/pages\/17960","targetHints":{"allow":["GET"]}}],"collection":[{"href":"https:\/\/grafologos.gr\/en\/wp-json\/wp\/v2\/pages"}],"about":[{"href":"https:\/\/grafologos.gr\/en\/wp-json\/wp\/v2\/types\/page"}],"author":[{"embeddable":true,"href":"https:\/\/grafologos.gr\/en\/wp-json\/wp\/v2\/users\/1"}],"replies":[{"embeddable":true,"href":"https:\/\/grafologos.gr\/en\/wp-json\/wp\/v2\/comments?post=17960"}],"version-history":[{"count":10,"href":"https:\/\/grafologos.gr\/en\/wp-json\/wp\/v2\/pages\/17960\/revisions"}],"predecessor-version":[{"id":18040,"href":"https:\/\/grafologos.gr\/en\/wp-json\/wp\/v2\/pages\/17960\/revisions\/18040"}],"wp:attachment":[{"href":"https:\/\/grafologos.gr\/en\/wp-json\/wp\/v2\/media?parent=17960"}],"curies":[{"name":"wp","href":"https:\/\/api.w.org\/{rel}","templated":true}]}}